{"id":13,"date":"2018-05-25T11:13:52","date_gmt":"2018-05-25T11:13:52","guid":{"rendered":"https:\/\/aevus.ca\/home\/"},"modified":"2024-11-20T14:37:28","modified_gmt":"2024-11-20T19:37:28","slug":"home","status":"publish","type":"page","link":"https:\/\/aevus.ca\/en\/","title":{"rendered":"Home"},"content":{"rendered":"\n\n\t\t\t<h6>Welcome to<\/h6><h1>Aevus Wealth Management<\/h1>\n\t\t\t<h2>\u00c6VUS &#8220;eye-vus&#8221;: Latin word for Time, Generation, Eternal, Passage of time.<\/h2>\n\t\t\t\t<p>THE PARADOX OF TIME : is that very few are those who believe they have enough, all the while everyone disposes of time in its totality. Unlike other resources, this cannot be bought or sold, borrowed or stolen, stored or saved, manufactured, multiplied or modified.<\/p>\n<p>You can only use it, and if you don&#8217;t, it just disappears. It is, obviously, the most valuable of all, since it is the only one that is not renewable.<\/p>\n\t\t\t\t<img decoding=\"async\" src=\"https:\/\/aevus.ca\/wp-content\/plugins\/bb-plugin\/img\/pixel.png\" alt=\"investment\" title=\"investment\" itemprop=\"image\"  \/>\n\t\t\t<h2>Our Goal:<\/h2>\n\t\t\t\t<p>To maximize your precious time. By helping facilitate an early retirement, you will be in the enviable position of enjoying your time longer.<\/p>\n\t\t\t<h2>Our Services<\/h2>\n\t\t\t\t<p>Rethinking the world of wealth management<\/p>\n\t\t\t\t<p>The team will work with you to create a clear road map, navigating your family dynamics to build and protect your legacy. We can advise you on your real estate needs as well as planning for your business. A review of your current structure could tell you if it is optimal or not.<\/p>\n<p>Preparing the next generation, we teach financial literacy and build good financial habits early on for your kids.<\/p>\n\t\t<nav>\n\t\t\t<ul>\n\t\t\t\t\t\t\t\t<li data-index=\"0\" tabindex=\"0\">\n\t\t\t\t\t<h5>\n\t\t\t\t\t\t<a href=\"javascript:void(0);\" tabindex=\"-1\">LEGAL ASPECTS\n\t\t\t\t\t\t\t\t\t\t\t\t<\/a>\n\t\t\t\t\t<\/h5>\n\t\t\t\t<\/li>\n\t\t\t\t\t\t\t\t<li data-index=\"1\" tabindex=\"0\">\n\t\t\t\t\t<h5>\n\t\t\t\t\t\t<a href=\"javascript:void(0);\" tabindex=\"-1\">INSURANCE AND RISK MANAGEMENT\n\t\t\t\t\t\t\t\t\t\t\t\t<\/a>\n\t\t\t\t\t<\/h5>\n\t\t\t\t<\/li>\n\t\t\t\t\t\t\t\t<li data-index=\"2\" tabindex=\"0\">\n\t\t\t\t\t<h5>\n\t\t\t\t\t\t<a href=\"javascript:void(0);\" tabindex=\"-1\">FINANCE\n\t\t\t\t\t\t\t\t\t\t\t\t<\/a>\n\t\t\t\t\t<\/h5>\n\t\t\t\t<\/li>\n\t\t\t\t\t\t\t\t<li data-index=\"3\" tabindex=\"0\">\n\t\t\t\t\t<h5>\n\t\t\t\t\t\t<a href=\"javascript:void(0);\" tabindex=\"-1\">TAXATION\n\t\t\t\t\t\t\t\t\t\t\t\t<\/a>\n\t\t\t\t\t<\/h5>\n\t\t\t\t<\/li>\n\t\t\t\t\t\t\t\t<li data-index=\"4\" tabindex=\"0\">\n\t\t\t\t\t<h5>\n\t\t\t\t\t\t<a href=\"javascript:void(0);\" tabindex=\"-1\">INVESTMENT\n\t\t\t\t\t\t\t\t\t\t\t\t<\/a>\n\t\t\t\t\t<\/h5>\n\t\t\t\t<\/li>\n\t\t\t\t\t\t\t\t<li data-index=\"5\" tabindex=\"0\">\n\t\t\t\t\t<h5>\n\t\t\t\t\t\t<a href=\"javascript:void(0);\" tabindex=\"-1\">RETIREMENT\n\t\t\t\t\t\t\t\t\t\t\t\t<\/a>\n\t\t\t\t\t<\/h5>\n\t\t\t\t<\/li>\n\t\t\t\t\t\t\t\t<li data-index=\"6\" tabindex=\"0\">\n\t\t\t\t\t<h5>\n\t\t\t\t\t\t<a href=\"javascript:void(0);\" tabindex=\"-1\">ESTATE\n\t\t\t\t\t\t\t\t\t\t\t\t<\/a>\n\t\t\t\t\t<\/h5>\n\t\t\t\t<\/li>\n\t\t\t\t\t\t\t<\/ul>\n\t\t<\/nav>\n\t\t\t\t\t<h5>\n\t\t\t\t\t\t\t\t\t\t\t\tLEGAL ASPECTS\n\t\t\t\t\t\t\t\t\t\t\t<\/h5>\n\t\t\t\t\t<p>In Quebec, we operate under a legal framework of rights and obligations that define our identity. Our lives are impacted by various legal mechanisms put in place to protect us, such as civil status and matrimonial regimes, to name a few.<\/p>\n\t\t\t\t\t<h5>\n\t\t\t\t\t\t\t\t\t\t\t\tINSURANCE AND RISK MANAGEMENT\n\t\t\t\t\t\t\t\t\t\t\t<\/h5>\n\t\t\t\t\t<p>Your financial security and that of your loved ones could be impacted by various situations beyond your control. Our role is to assess the consequences and then make recommendations to you in order to overcome certain risks such as death, serious illness or disability.<\/p>\n\t\t\t\t\t<h5>\n\t\t\t\t\t\t\t\t\t\t\t\tFINANCE\n\t\t\t\t\t\t\t\t\t\t\t<\/h5>\n\t\t\t\t\t<p>With all the data in hand, that is to say, your assets, your liabilities, your income, your expenses as well as your lifestyle, we will be able to better support you in order for you to achieve financial independence.<\/p>\n\t\t\t\t\t<h5>\n\t\t\t\t\t\t\t\t\t\t\t\tTAXATION\n\t\t\t\t\t\t\t\t\t\t\t<\/h5>\n\t\t\t\t\t<p>Though taxes are often our most important debt, they are a necessary mechanism to ensure the proper functioning of society. Our role is to make sure that you only pay your fair share.<\/p>\n\t\t\t\t\t<h5>\n\t\t\t\t\t\t\t\t\t\t\t\tINVESTMENT\n\t\t\t\t\t\t\t\t\t\t\t<\/h5>\n\t\t\t\t\t<p>Once your risk tolerance is well established, our role is to analyze your current investment portfolio and make improvements if necessary. We will make sure that you benefit from a good geographical allocation, but also from a diversification at the level of the stock market sectors because the economy is in constant evolution. Our investment strategy takes taxation into account and we rigorously monitor the evolution of your assets.<\/p>\n\t\t\t\t\t<h5>\n\t\t\t\t\t\t\t\t\t\t\t\tRETIREMENT\n\t\t\t\t\t\t\t\t\t\t\t<\/h5>\n\t\t\t\t\t<p>How do you see your retirement? Like a trip, everything must be meticulously planned. What is your cost of living? What will it be when you retire? Around what age will you be able to afford to stop working or slow down? What will be your sources of income and what will you be left with after taxes? In what order should you disburse your investments to maximize your cash flow?<\/p>\n\t\t\t\t\t<h5>\n\t\t\t\t\t\t\t\t\t\t\t\tESTATE\n\t\t\t\t\t\t\t\t\t\t\t<\/h5>\n\t\t\t\t\t<p>Respecting your wishes is of the utmost importance. The legal aspects will play a big role in your estate so it is paramount to understand their impact. The transmission and preservation of your heritage will greatly depend on the planning done upstream. Tax erosion is the number one cause of a shrinking legacy and can be prevented if planned well.<\/p>\n\t\t\t\t\t<!-- \/content -->\n\t<!-- \/tabs -->\n\t\t\t<h4>The Brokerage Firm<\/h4><h3>MICA FINANCIAL SERVICES<\/h3>\t\t\t\n\t\t\t\t<img loading=\"lazy\" decoding=\"async\" src=\"https:\/\/aevus.ca\/wp-content\/uploads\/2024\/01\/building_DSC4925.jpg\" alt=\"building_DSC4925\" itemprop=\"image\" height=\"683\" width=\"1024\" title=\"building_DSC4925\" onerror=\"this.style.display='none'\"  \/>\n\t\t\t\t<p>The president of MICA brokerage, Gino-S\u00e9bastian Savard, is a member of the board of directors of the \u00ab Chambre de la s\u00e9curit\u00e9 financi\u00e8re \u00bb (CSF).<\/p>\n<p>MICA brokerage has been in operation since 1986 and is 100 % owned and operated in Quebec.Assets of over 9.3 billion under management.<\/p>\n<p>Comfortably positioned as the No1 multidisciplinary financial services firm for 17 consecutive years (ranking of multidisciplinary firms, Finance et Investissements journal)<\/p>\n\n","protected":false},"excerpt":{"rendered":"<p>Welcome to Aevus Wealth Management \u00c6VUS &#8220;eye-vus&#8221;: Latin word for Time, Generation, Eternal, Passage of time. THE PARADOX OF TIME : is that very few are those who believe they have enough, all the while everyone disposes of time in its totality. Unlike other resources, this cannot be bought or sold, borrowed or stolen, stored [&hellip;]<\/p>\n","protected":false},"author":2,"featured_media":0,"parent":0,"menu_order":0,"comment_status":"closed","ping_status":"closed","template":"","meta":{"site-sidebar-layout":"no-sidebar","site-content-layout":"page-builder","ast-site-content-layout":"full-width-container","site-content-style":"unboxed","site-sidebar-style":"unboxed","ast-global-header-display":"","ast-banner-title-visibility":"","ast-main-header-display":"","ast-hfb-above-header-display":"","ast-hfb-below-header-display":"","ast-hfb-mobile-header-display":"","site-post-title":"disabled","ast-breadcrumbs-content":"","ast-featured-img":"disabled","footer-sml-layout":"","ast-disable-related-posts":"","theme-transparent-header-meta":"","adv-header-id-meta":"","stick-header-meta":"default","header-above-stick-meta":"","header-main-stick-meta":"","header-below-stick-meta":"","astra-migrate-meta-layouts":"set","ast-page-background-enabled":"default","ast-page-background-meta":{"desktop":{"background-color":"","background-image":"","background-repeat":"repeat","background-position":"center center","background-size":"auto","background-attachment":"scroll","background-type":"","background-media":"","overlay-type":"","overlay-color":"","overlay-opacity":"","overlay-gradient":""},"tablet":{"background-color":"","background-image":"","background-repeat":"repeat","background-position":"center center","background-size":"auto","background-attachment":"scroll","background-type":"","background-media":"","overlay-type":"","overlay-color":"","overlay-opacity":"","overlay-gradient":""},"mobile":{"background-color":"","background-image":"","background-repeat":"repeat","background-position":"center center","background-size":"auto","background-attachment":"scroll","background-type":"","background-media":"","overlay-type":"","overlay-color":"","overlay-opacity":"","overlay-gradient":""}},"ast-content-background-meta":{"desktop":{"background-color":"var(--ast-global-color-5)","background-image":"","background-repeat":"repeat","background-position":"center center","background-size":"auto","background-attachment":"scroll","background-type":"","background-media":"","overlay-type":"","overlay-color":"","overlay-opacity":"","overlay-gradient":""},"tablet":{"background-color":"var(--ast-global-color-5)","background-image":"","background-repeat":"repeat","background-position":"center center","background-size":"auto","background-attachment":"scroll","background-type":"","background-media":"","overlay-type":"","overlay-color":"","overlay-opacity":"","overlay-gradient":""},"mobile":{"background-color":"var(--ast-global-color-5)","background-image":"","background-repeat":"repeat","background-position":"center center","background-size":"auto","background-attachment":"scroll","background-type":"","background-media":"","overlay-type":"","overlay-color":"","overlay-opacity":"","overlay-gradient":""}},"footnotes":""},"class_list":["post-13","page","type-page","status-publish","hentry"],"_links":{"self":[{"href":"https:\/\/aevus.ca\/en\/wp-json\/wp\/v2\/pages\/13","targetHints":{"allow":["GET"]}}],"collection":[{"href":"https:\/\/aevus.ca\/en\/wp-json\/wp\/v2\/pages"}],"about":[{"href":"https:\/\/aevus.ca\/en\/wp-json\/wp\/v2\/types\/page"}],"author":[{"embeddable":true,"href":"https:\/\/aevus.ca\/en\/wp-json\/wp\/v2\/users\/2"}],"replies":[{"embeddable":true,"href":"https:\/\/aevus.ca\/en\/wp-json\/wp\/v2\/comments?post=13"}],"version-history":[{"count":5,"href":"https:\/\/aevus.ca\/en\/wp-json\/wp\/v2\/pages\/13\/revisions"}],"predecessor-version":[{"id":1572,"href":"https:\/\/aevus.ca\/en\/wp-json\/wp\/v2\/pages\/13\/revisions\/1572"}],"wp:attachment":[{"href":"https:\/\/aevus.ca\/en\/wp-json\/wp\/v2\/media?parent=13"}],"curies":[{"name":"wp","href":"https:\/\/api.w.org\/{rel}","templated":true}]}}